{"id":2669,"date":"2024-07-24T01:08:44","date_gmt":"2024-07-24T01:08:44","guid":{"rendered":"https:\/\/www.dissenyamb27.com\/politica-de-privacitat\/"},"modified":"2024-07-24T01:08:44","modified_gmt":"2024-07-24T01:08:44","slug":"politica-de-privacitat","status":"publish","type":"page","link":"https:\/\/www.dissenyamb27.com\/fr\/politica-de-privacitat\/","title":{"rendered":"Pol\u00edtica de privacitat"},"content":{"rendered":"<div class=\"fusion-fullwidth fullwidth-box fusion-builder-row-1 fusion-flex-container nonhundred-percent-fullwidth non-hundred-percent-height-scrolling\" style=\"--awb-border-radius-top-left:0px;--awb-border-radius-top-right:0px;--awb-border-radius-bottom-right:0px;--awb-border-radius-bottom-left:0px;--awb-flex-wrap:wrap;\" ><div class=\"fusion-builder-row fusion-row fusion-flex-align-items-flex-start fusion-flex-content-wrap\" style=\"max-width:1040px;margin-left: calc(-4% \/ 2 );margin-right: calc(-4% \/ 2 );\"><div class=\"fusion-layout-column fusion_builder_column fusion-builder-column-0 fusion_builder_column_1_1 1_1 fusion-flex-column\" style=\"--awb-padding-right:20vw;--awb-padding-right-small:5px;--awb-padding-left-small:5px;--awb-bg-size:cover;--awb-width-large:100%;--awb-margin-top-large:0px;--awb-spacing-right-large:1.92%;--awb-margin-bottom-large:0px;--awb-spacing-left-large:1.92%;--awb-width-medium:100%;--awb-order-medium:0;--awb-spacing-right-medium:1.92%;--awb-spacing-left-medium:1.92%;--awb-width-small:100%;--awb-order-small:0;--awb-spacing-right-small:1.92%;--awb-spacing-left-small:1.92%;\" data-scroll-devices=\"small-visibility,medium-visibility,large-visibility\"><div class=\"fusion-column-wrapper fusion-column-has-shadow fusion-flex-justify-content-flex-start fusion-content-layout-column\"><div class=\"fusion-text fusion-text-1\"><h3>Pol\u00edtica de privadesa<\/h3>\n<p>Darrera actualitzaci\u00f3: 6 de novembre de 2024<\/p>\n<p>Aquesta Pol\u00edtica de privadesa descriu les nostres pol\u00edtiques i procediments sobre la recollida, l&rsquo;\u00fas i la divulgaci\u00f3 de la vostra informaci\u00f3 quan feu servir el Servei i us informa sobre els vostres drets de privadesa i com us protegeix la llei.<\/p>\n<p>Fem servir les vostres dades personals per oferir i millorar el Servei. En utilitzar el Servei, accepteu la recollida i l&rsquo;\u00fas de la informaci\u00f3 d&rsquo;acord amb aquesta Pol\u00edtica de privadesa.<\/p>\n<h2><\/h2>\n<h4>Interpretaci\u00f3 i definicions<\/h4>\n<h5>Interpretaci\u00f3<\/h5>\n<p>Les paraules de les quals s&rsquo;escriu la lletra inicial amb maj\u00fascula tenen significats definits en les condicions seg\u00fcents. Les definicions seg\u00fcents tindran el mateix significat independentment de si apareixen en singular o en plural.<\/p>\n<h3><\/h3>\n<h5>Definicions<\/h5>\n<p>Als efectes d&rsquo;aquesta Pol\u00edtica de privadesa:<\/p>\n<ul>\n<li><strong>Compte<\/strong> significa un compte \u00fanic creat perqu\u00e8 pugueu accedir al nostre Servei o a parts del nostre Servei.<\/li>\n<li><strong>Afiliat<\/strong> significa una entitat que controla, est\u00e0 controlada per o est\u00e0 sota control com\u00fa amb una part, on \u00ab\u00a0control\u00a0\u00bb significa la propietat del 50% o m\u00e9s de les accions, participacions o altres valors amb dret a vot per a l&rsquo;elecci\u00f3 dels consellers o d&rsquo;una altra autoritat de gesti\u00f3.<\/li>\n<li><strong>Empresa<\/strong> (coneguda com \u00ab\u00a0l&rsquo;Empresa\u00a0\u00bb, \u00ab\u00a0Nosaltres\u00a0\u00bb, \u00ab\u00a0Nosaltres\u00a0\u00bb o \u00ab\u00a0Els nostres\u00a0\u00bb en aquest Acord) fa refer\u00e8ncia a dissenyamb27.com.<\/li>\n<li><strong>Les galetes<\/strong> s\u00f3n petits fitxers que un lloc web col\u00b7loquen al vostre ordinador, dispositiu m\u00f2bil o qualsevol altre dispositiu, que contenen els detalls del vostre historial de navegaci\u00f3 en aquest lloc web entre els seus molts usos.<\/li>\n<li><strong>Pa\u00eds<\/strong> es refereix a: Espanya<\/li>\n<li><strong>Dispositiu<\/strong> fa refer\u00e8ncia a qualsevol dispositiu que pugui accedir al Servei, com ara un ordinador, un tel\u00e8fon m\u00f2bil o una tauleta digital.<\/li>\n<li>Les <strong>dades personals<\/strong> s\u00f3n qualsevol informaci\u00f3 relacionada amb una persona identificada o identificable.<\/li>\n<li><strong>Servei<\/strong> fa refer\u00e8ncia al lloc web.<\/li>\n<li><strong>Prove\u00efdor de serveis<\/strong> fa refer\u00e8ncia a qualsevol persona f\u00edsica o jur\u00eddica que tracti les dades en nom de l&rsquo;Empresa. Es refereix a empreses de tercers o persones emprades per l&rsquo;Empresa per facilitar el Servei, per prestar el Servei en nom de l&rsquo;Empresa, per realitzar serveis relacionats amb el Servei o per ajudar l&rsquo;Empresa a analitzar com s&rsquo;utilitza el Servei.<\/li>\n<li><strong>Dades d&rsquo;\u00fas<\/strong> es refereixen a les dades recollides autom\u00e0ticament, ja sigui generades per l&rsquo;\u00fas del Servei o de la pr\u00f2pia infraestructura del Servei (per exemple, la durada de la visita d&rsquo;una p\u00e0gina).<\/li>\n<li><strong>Lloc web<\/strong> fa refer\u00e8ncia a dissenyamb27.com, accessible des de <a href=\"https:\/\/www.dissenyamb27.com\/fr\/\" target=\"_blank\" rel=\"external nofollow noopener\">https: \/\/www.dissenyamb27.com\/<\/a><\/li>\n<li><strong>Vost\u00e8<\/strong> fa refer\u00e8ncia a la persona que accedeix o utilitza el Servei, o l&#8217;empresa o una altra entitat jur\u00eddica en nom de la qual aquesta persona accedeix o utilitza el Servei, segons correspongui.<\/li>\n<\/ul>\n<h2><\/h2>\n<h4>Recollida i \u00fas de les vostres dades personals<\/h4>\n<h4>Tipus de dades recollides<\/h4>\n<h5>Dades personals<\/h5>\n<p>Mentre utilitzeu el nostre Servei, \u00e9s possible que us demanem que ens proporcioneu certa informaci\u00f3 d&rsquo;identificaci\u00f3 personal que es pot utilitzar per contactar-vos o identificar-vos. La informaci\u00f3 d&rsquo;identificaci\u00f3 personal pot incloure, per\u00f2 no limitada a:<\/p>\n<ul>\n<li>Adre\u00e7a de correu electr\u00f2nic<\/li>\n<li>Dades d&rsquo;\u00fas<\/li>\n<\/ul>\n<h4><\/h4>\n<h5>Dades d&rsquo;\u00fas<\/h5>\n<p>Les dades d&rsquo;\u00fas es recullen autom\u00e0ticament quan s&rsquo;utilitza el Servei.<\/p>\n<p>Les dades d&rsquo;\u00fas poden incloure informaci\u00f3 com ara l&rsquo;adre\u00e7a de protocol d&rsquo;Internet del vostre dispositiu (per exemple, l&rsquo;adre\u00e7a IP), el tipus de navegador, la versi\u00f3 del navegador, les p\u00e0gines del nostre servei que visiteu, l&rsquo;hora i la data de la vostra visita, el temps que passeu en aquestes p\u00e0gines. , identificadors \u00fanics del dispositiu i altres dades de diagn\u00f2stic.<\/p>\n<p>Quan accediu al Servei mitjan\u00e7ant un dispositiu m\u00f2bil o mitjan\u00e7ant un dispositiu m\u00f2bil, podem recopilar certa informaci\u00f3 autom\u00e0ticament, incl\u00f2s, entre d&rsquo;altres, el tipus de dispositiu m\u00f2bil que utilitzeu, l&rsquo;identificador \u00fanic del vostre dispositiu m\u00f2bil, l&rsquo;adre\u00e7a IP del vostre dispositiu m\u00f2bil. , El vostre sistema operatiu m\u00f2bil, el tipus de navegador d&rsquo;Internet m\u00f2bil que feu servir, identificadors \u00fanics del dispositiu i altres dades de diagn\u00f2stic.<\/p>\n<p>Tamb\u00e9 podem recopilar informaci\u00f3 que el vostre navegador envia cada vegada que visiteu el nostre Servei o quan accedeixes al Servei mitjan\u00e7ant o mitjan\u00e7ant un dispositiu m\u00f2bil.<\/p>\n<h4><\/h4>\n<h5>Tecnologies de seguiment i galetes<\/h5>\n<p>Fem servir galetes i tecnologies de seguiment similars per fer un seguiment de l&rsquo;activitat al nostre servei i emmagatzemar certa informaci\u00f3. Les tecnologies de seguiment utilitzades s\u00f3n balises, etiquetes i scripts per recopilar i fer un seguiment d&rsquo;informaci\u00f3 i per millorar i analitzar el nostre servei. Les tecnologies que utilitzem poden incloure:<\/p>\n<ul>\n<li><strong>Galetes o galetes del navegador.<\/strong><\/li>\n<li>Una galeta \u00e9s un petit fitxer col\u00b7locat al vostre dispositiu. Pots indicar al teu navegador que rebutgi totes les cookies o que indiqui quan s&rsquo;est\u00e0 enviant una cookie. Tanmateix, si no accepteu les galetes, \u00e9s possible que no pugueu utilitzar algunes parts del nostre Servei. A menys que h\u00e0giu ajustat la configuraci\u00f3 del vostre navegador perqu\u00e8 rebutgi les galetes, el nostre servei pot utilitzar galetes.<\/li>\n<li><strong>Web Beacons.<\/strong> Algunes seccions del nostre Servei i els nostres correus electr\u00f2nics poden contenir petits fitxers electr\u00f2nics coneguts com a web beacons (tamb\u00e9 coneguts com a gifs clars, etiquetes de p\u00edxels i gifs d&rsquo;un p\u00edxel) que permeten Empresa, per exemple, per comptar els usuaris que han visitat aquestes p\u00e0gines o obert un correu electr\u00f2nic i per a altres estad\u00edstiques de llocs web relacionades (per exemple, registrar la popularitat d&rsquo;una secci\u00f3 determinada i verificar la integritat del sistema i del servidor).<\/li>\n<\/ul>\n<p>Les galetes poden ser \u00ab\u00a0Persistent\u00a0\u00bb o \u00ab\u00a0Sessi\u00f3\u00a0\u00bb Galetes. Les galetes persistents romanen al vostre ordinador personal o dispositiu m\u00f2bil quan us desconnecteu, mentre que les galetes de sessi\u00f3 s&rsquo;eliminen tan bon punt tanqueu el vostre navegador web. M\u00e9s informaci\u00f3 sobre les galetes a l&rsquo;article <a href=\"https:\/\/www.dissenyamb27.com\/politica-de-privacitat\/\" target=\"_blank\" rel=\"noopener\">lloc web de pol\u00edtiques de privadesa<\/a>.<\/p>\n<p>Fem servir tant galetes de sessi\u00f3 com persistents amb les finalitats que s&rsquo;indiquen a continuaci\u00f3:<\/p>\n<ul>\n<li><strong>Galetes necess\u00e0ries\/essencials<\/strong>Tipus: galetes de sessi\u00f3Administrat per: NosaltresProp\u00f2sit: Aquestes galetes s\u00f3n essencials per oferir-vos serveis disponibles a trav\u00e9s del lloc web i per permetre-vos utilitzar algunes de les seves funcions. Ajuden a autenticar usuaris i prevenir l&rsquo;\u00fas fraudulent dels comptes d&rsquo;usuari. Sense aquestes galetes, els serveis que heu sol\u00b7licitat no es poden oferir, i nom\u00e9s fem servir aquestes galetes per oferir-vos aquests serveis.<\/li>\n<li><strong>Pol\u00edtica de galetes \/ Cookies d&rsquo;acceptaci\u00f3 d&rsquo;av\u00eds<br \/>\n<\/strong>Tipus: galetes persistentsAdministrat per: NosaltresProp\u00f2sit: aquestes galetes identifiquen si els usuaris han acceptat l&rsquo;\u00fas de galetes al lloc web.<\/li>\n<li><strong>Galetes de funcionalitat<br \/>\n<\/strong>Tipus: galetes persistentsAdministrat per: NosaltresProp\u00f2sit: aquestes galetes ens permeten recordar les eleccions que feu quan utilitzeu el lloc web, com ara recordar les vostres dades d&rsquo;inici de sessi\u00f3 o la prefer\u00e8ncia d&rsquo;idioma. L&rsquo;objectiu d&rsquo;aquestes galetes \u00e9s oferir-vos una experi\u00e8ncia m\u00e9s personal i evitar que h\u00e0giu de tornar a introduir les vostres prefer\u00e8ncies cada vegada que utilitzeu el lloc web.<\/li>\n<\/ul>\n<p>Per obtenir m\u00e9s informaci\u00f3 sobre les galetes que fem servir i les vostres opcions pel que fa a les galetes, visiteu la nostra Pol\u00edtica de galetes o la secci\u00f3 de galetes de la nostra Pol\u00edtica de privadesa.<\/p>\n<h3><\/h3>\n<h4>\u00das de les vostres dades personals<\/h4>\n<p>L&rsquo;Empresa pot utilitzar les dades personals per a les finalitats seg\u00fcents:<\/p>\n<ul>\n<li><strong>Per proporcionar i mantenir el nostre Servei<\/strong>, incl\u00f2s per supervisar l&rsquo;\u00fas del nostre Servei.<\/li>\n<li><strong>Per gestionar el vostre compte:<\/strong> per gestionar el vostre registre com a usuari del Servei. Les Dades Personals que proporcioneu us poden donar acc\u00e9s a diferents funcionalitats del Servei que teniu disponibles com a usuari registrat.<\/li>\n<li><strong>Per a l&rsquo;execuci\u00f3 d&rsquo;un contracte:<\/strong> el desenvolupament, el compliment i l&rsquo;execuci\u00f3 del contracte de compra dels productes, articles o serveis que heu comprat o de qualsevol altre contracte amb nosaltres mitjan\u00e7ant el Servei.<\/li>\n<li><strong>Per contactar amb vost\u00e8:<\/strong> per contactar amb vost\u00e8 per correu electr\u00f2nic, trucades telef\u00f2niques, SMS o altres formes equivalents de comunicaci\u00f3 electr\u00f2nica, com ara les notificacions push d&rsquo;una aplicaci\u00f3 m\u00f2bil sobre actualitzacions o comunicacions informatives relacionades amb les funcionalitats, productes o serveis contractats, incloses les actualitzacions de seguretat, quan sigui necessari o raonable per a la seva implementaci\u00f3.<\/li>\n<li><strong>Oferir-vos<\/strong> not\u00edcies, ofertes especials i informaci\u00f3 general sobre altres b\u00e9ns, serveis i esdeveniments que oferim que s\u00f3n similars als que ja heu comprat o sobre els quals heu consultat, tret que h\u00e0giu optat per no fer-ho. rebre aquesta informaci\u00f3.<\/li>\n<li><strong>Per gestionar les vostres sol\u00b7licituds:<\/strong> per atendre i gestionar les vostres sol\u00b7licituds.<\/li>\n<li><strong>Per a transfer\u00e8ncies empresarials:<\/strong> podem utilitzar la vostra informaci\u00f3 per avaluar o dur a terme una fusi\u00f3, desinversi\u00f3, reestructuraci\u00f3, reorganitzaci\u00f3, dissoluci\u00f3 o una altra venda o transfer\u00e8ncia d&rsquo;alguns o tots els nostres actius, ja sigui com a empresa en funcionament o com a part d&rsquo;un procediment de fallida, liquidaci\u00f3 o similar, en qu\u00e8 les dades personals que tenim sobre els usuaris del nostre Servei es troben entre els actius transferits.<\/li>\n<li><strong>Per a altres finalitats<\/strong>: podem utilitzar la vostra informaci\u00f3 per a altres finalitats, com ara an\u00e0lisi de dades, identificar tend\u00e8ncies d&rsquo;\u00fas, determinar l&rsquo;efic\u00e0cia de les nostres campanyes promocionals i avaluar i millorar el nostre servei, productes i serveis. , m\u00e0rqueting i la teva experi\u00e8ncia.<\/li>\n<\/ul>\n<p>Podem compartir la vostra informaci\u00f3 personal en les situacions seg\u00fcents:<\/p>\n<p><strong>Amb els prove\u00efdors de serveis:<\/strong><\/p>\n<ul>Podem compartir la vostra informaci\u00f3 personal amb els prove\u00efdors de serveis per supervisar i analitzar l&rsquo;\u00fas del nostre servei, per contactar amb vosaltres.<\/p>\n<li><strong>Per a transfer\u00e8ncies comercials:<\/strong> podem compartir o transferir la vostra informaci\u00f3 personal en relaci\u00f3 amb, o durant les negociacions de, qualsevol fusi\u00f3, venda d&rsquo;actius de l&#8217;empresa, finan\u00e7ament o adquisici\u00f3 de la totalitat o una part dels nostres negocis a una altra empresa.<\/li>\n<li><strong>Amb els afiliats:<\/strong> podem compartir la vostra informaci\u00f3 amb els nostres afiliats, en aquest cas els demanarem que compleixin aquesta Pol\u00edtica de privadesa. Els afiliats inclouen la nostra empresa matriu i qualsevol altra filial, socis d&#8217;empreses conjuntes o altres empreses que controlem o que estan sota control com\u00fa amb nosaltres.<\/li>\n<li><strong>Amb socis comercials:<\/strong> podem compartir la vostra informaci\u00f3 amb els nostres socis comercials per oferir-vos determinats productes, serveis o promocions.<\/li>\n<li><strong>Amb altres usuaris:<\/strong> quan comparteixes informaci\u00f3 personal o interactues d&rsquo;una altra manera a les \u00e0rees p\u00fabliques amb altres usuaris, tots els usuaris poden veure aquesta informaci\u00f3 i es pot distribuir p\u00fablicament fora.<\/li>\n<li><strong>Amb el vostre consentiment<\/strong>: podem revelar la vostra informaci\u00f3 personal per a qualsevol altre prop\u00f2sit amb el vostre consentiment.<\/li>\n<\/ul>\n<h3><\/h3>\n<h5>Retenci\u00f3 de les vostres dades personals<\/h5>\n<p>L&rsquo;Empresa conservar\u00e0 les vostres dades personals nom\u00e9s durant el temps que sigui necessari per a les finalitats establertes en aquesta Pol\u00edtica de privadesa. Conservarem i utilitzarem les vostres dades personals en la mesura que sigui necessari per complir amb les nostres obligacions legals (per exemple, si estem obligats a conservar les vostres dades per complir amb les lleis aplicables), resoldre disputes i fer complir els nostres acords i pol\u00edtiques legals.<\/p>\n<p>L&#8217;empresa tamb\u00e9 conservar\u00e0 les dades d&rsquo;\u00fas amb finalitats d&rsquo;an\u00e0lisi interna. Les dades d&rsquo;\u00fas generalment es conserven durant un per\u00edode de temps m\u00e9s curt, excepte quan aquestes dades s&rsquo;utilitzen per refor\u00e7ar la seguretat o per millorar la funcionalitat del nostre servei, o quan estem obligats legalment a conservar aquestes dades durant per\u00edodes de temps m\u00e9s llargs.<\/p>\n<h3><\/h3>\n<h5>Transfer\u00e8ncia de les vostres dades personals<\/h5>\n<p>La vostra informaci\u00f3, incloses les dades personals, es tracta a les oficines operatives de l&rsquo;Empresa i en qualsevol altre lloc on es trobin les parts implicades en el tractament. Significa que aquesta informaci\u00f3 es pot transferir i mantenir-se en ordinadors situats fora del vostre estat, prov\u00edncia, pa\u00eds o una altra jurisdicci\u00f3 governamental on les lleis de protecci\u00f3 de dades poden diferir de les de la vostra jurisdicci\u00f3.<\/p>\n<p>El vostre consentiment a aquesta Pol\u00edtica de privadesa seguit de l&rsquo;enviament d&rsquo;aquesta informaci\u00f3 representa el vostre acord amb aquesta transfer\u00e8ncia.<\/p>\n<p>L&rsquo;Empresa prendr\u00e0 totes les mesures raonablement necess\u00e0ries per garantir que les vostres dades es tracten de manera segura i d&rsquo;acord amb aquesta Pol\u00edtica de privadesa i no es transferir\u00e0 a cap organitzaci\u00f3 o pa\u00eds tret que hi hagi controls adequats, com ara la seguretat de les vostres dades i altra informaci\u00f3 personal.<\/p>\n<h3><\/h3>\n<h5>Elimineu les vostres dades personals<\/h5>\n<p>Tens dret a suprimir o sol\u00b7licitar que t&rsquo;ajudem a eliminar les dades personals que hem recopilat sobre tu.<\/p>\n<p>El nostre Servei pot donar-vos la possibilitat d&rsquo;esborrar certa informaci\u00f3 sobre vosaltres des del Servei.<\/p>\n<p>Podeu actualitzar, modificar o suprimir la vostra informaci\u00f3 en qualsevol moment iniciant la sessi\u00f3 al vostre compte, si en teniu un, i visitant la secci\u00f3 de configuraci\u00f3 del compte que us permet gestionar la vostra informaci\u00f3 personal. Tamb\u00e9 podeu contactar amb nosaltres per sol\u00b7licitar acc\u00e9s, correcci\u00f3 o supressi\u00f3 de qualsevol informaci\u00f3 personal que ens h\u00e0giu proporcionat.<\/p>\n<p>Tingueu en compte, per\u00f2, que \u00e9s possible que h\u00e0gim de conservar certa informaci\u00f3 quan tinguem una obligaci\u00f3 legal o una base legal per fer-ho.<\/p>\n<h3><\/h3>\n<h4>Divulgaci\u00f3 de les vostres dades personals<\/h4>\n<h5>Transaccions comercials<\/h5>\n<p>Si l&#8217;empresa participa en una fusi\u00f3, adquisici\u00f3 o venda d&rsquo;actius, les vostres dades personals es poden transferir. Us avisarem abans que les vostres dades personals es transfereixin i estiguin subjectes a una pol\u00edtica de privadesa diferent.<\/p>\n<h4><\/h4>\n<h5>Compliment de la llei<\/h5>\n<p>En determinades circumst\u00e0ncies, \u00e9s possible que l&#8217;empresa hagi de revelar les vostres dades personals si aix\u00ed ho requereix la llei o en resposta a sol\u00b7licituds v\u00e0lides de les autoritats p\u00fabliques (per exemple, un tribunal o una ag\u00e8ncia governamental).<\/p>\n<h4><\/h4>\n<h5>Altres requisits legals<\/h5>\n<p>L&#8217;empresa pot revelar les vostres dades personals de bona fe creient que aquesta acci\u00f3 \u00e9s necess\u00e0ria per:<\/p>\n<ul>\n<li>Complir amb una obligaci\u00f3 legal<\/li>\n<li>Protegir i defensar els drets o la propietat de l&rsquo;Empresa<\/li>\n<li>Prevenir o investigar possibles actes il\u00b7l\u00edcits relacionats amb el Servei<\/li>\n<li>Protegir la seguretat personal dels Usuaris del Servei o del p\u00fablic<\/li>\n<li>Protegir contra la responsabilitat legal<\/li>\n<\/ul>\n<h3><\/h3>\n<h4>Seguretat de les vostres dades personals<\/h4>\n<p>La seguretat de les vostres dades personals \u00e9s important per a nosaltres, per\u00f2 recordeu que cap m\u00e8tode de transmissi\u00f3 per Internet o m\u00e8tode d&#8217;emmagatzematge electr\u00f2nic \u00e9s 100% segur. Tot i que ens esforcem per utilitzar mitjans comercialment acceptables per protegir ect les vostres dades personals, no podem garantir-ne la seguretat absoluta.<\/p>\n<h4>Privadesa dels nens<\/h4>\n<p>El nostre servei no s&rsquo;adre\u00e7a a ning\u00fa menor de 13 anys. No recollim conscientment informaci\u00f3 d&rsquo;identificaci\u00f3 personal de ning\u00fa menor de 13 anys. Si sou pare o tutor i sabeu que el vostre fill ens ha proporcionat informaci\u00f3 personal Dades, poseu-vos en contacte amb nosaltres. Si ens assabentem que hem recopilat dades personals de persones menors de 13 anys sense verificar el consentiment dels pares, prendrem mesures per eliminar aquesta informaci\u00f3 dels nostres servidors.<\/p>\n<p>Si hem de basar-nos en el consentiment com a base legal per processar la vostra informaci\u00f3 i el vostre pa\u00eds requereix el consentiment d&rsquo;un pare, \u00e9s possible que exigirem el consentiment dels vostres pares abans de recopilar i utilitzar aquesta informaci\u00f3.<\/p>\n<h4>Enlla\u00e7os a altres llocs web<\/h4>\n<p>El nostre servei pot contenir enlla\u00e7os a altres llocs web que no operem per nosaltres. Si feu clic a l&rsquo;enlla\u00e7 d&rsquo;un tercer, se us dirigir\u00e0 al lloc d&rsquo;aquest tercer. Us recomanem fermament que reviseu la Pol\u00edtica de privadesa de cada lloc que visiteu.<\/p>\n<p>No tenim control ni assumim cap responsabilitat pel contingut, les pol\u00edtiques de privadesa o les pr\u00e0ctiques de cap lloc o servei de tercers.<\/p>\n<h4>Canvis a aquesta Pol\u00edtica de privadesa<\/h4>\n<p>Podem actualitzar la nostra Pol\u00edtica de privadesa de tant en tant. Us notificarem qualsevol canvi mitjan\u00e7ant la publicaci\u00f3 de la nova Pol\u00edtica de privadesa en aquesta p\u00e0gina.<\/p>\n<p>Us ho farem saber per correu electr\u00f2nic i\/o amb un av\u00eds destacat al nostre servei, abans que el canvi entri en vigor i actualitzarem la \u00ab\u00a0Darrera actualitzaci\u00f3\u00a0\u00bb data a la part superior d&rsquo;aquesta Pol\u00edtica de privadesa.<\/p>\n<p>Us recomanem que reviseu aquesta Pol\u00edtica de privadesa peri\u00f2dicament per detectar qualsevol canvi. Els canvis a aquesta Pol\u00edtica de privadesa s\u00f3n efectius quan es publiquen en aquesta p\u00e0gina.<\/p>\n<h3>Contacteu amb nosaltres<\/h3>\n<p>Si teniu cap pregunta sobre aquesta Pol\u00edtica de privadesa, podeu contactar amb nosaltres:<\/p>\n<ul>\n<li>Per correu electr\u00f2nic: dissenyamb27@gmail.com<\/li>\n<\/ul>\n<\/div><\/div><\/div><\/div><\/div>\n","protected":false},"excerpt":{"rendered":"","protected":false},"author":1,"featured_media":0,"parent":0,"menu_order":0,"comment_status":"closed","ping_status":"open","template":"","meta":{"_acf_changed":false,"footnotes":""},"class_list":["post-2669","page","type-page","status-publish","hentry"],"acf":[],"_links":{"self":[{"href":"https:\/\/www.dissenyamb27.com\/fr\/wp-json\/wp\/v2\/pages\/2669","targetHints":{"allow":["GET"]}}],"collection":[{"href":"https:\/\/www.dissenyamb27.com\/fr\/wp-json\/wp\/v2\/pages"}],"about":[{"href":"https:\/\/www.dissenyamb27.com\/fr\/wp-json\/wp\/v2\/types\/page"}],"author":[{"embeddable":true,"href":"https:\/\/www.dissenyamb27.com\/fr\/wp-json\/wp\/v2\/users\/1"}],"replies":[{"embeddable":true,"href":"https:\/\/www.dissenyamb27.com\/fr\/wp-json\/wp\/v2\/comments?post=2669"}],"version-history":[{"count":0,"href":"https:\/\/www.dissenyamb27.com\/fr\/wp-json\/wp\/v2\/pages\/2669\/revisions"}],"wp:attachment":[{"href":"https:\/\/www.dissenyamb27.com\/fr\/wp-json\/wp\/v2\/media?parent=2669"}],"curies":[{"name":"wp","href":"https:\/\/api.w.org\/{rel}","templated":true}]}}